{"id":39,"date":"2023-10-06T14:46:50","date_gmt":"2023-10-06T12:46:50","guid":{"rendered":"https:\/\/dis.acm.org\/2024\/?page_id=39"},"modified":"2024-05-31T17:31:08","modified_gmt":"2024-05-31T15:31:08","slug":"organisers","status":"publish","type":"page","link":"https:\/\/dis.acm.org\/2024\/organisers\/","title":{"rendered":"Organisers"},"content":{"rendered":"\n<h2 class=\"wp-block-heading\">Conference Chairs&nbsp;<\/h2>\n\n\n\n<ul class=\"wp-block-list\">\n<li>Anna Vallg\u00e5rda,  IT University of Copenhagen<\/li>\n\n\n\n<li>Li J\u00f6nsson,  Malm\u00f6 University, School of Arts and Communication<\/li>\n<\/ul>\n\n\n\n<p><a href=\"mailto:chairs@dis2024.acm.org\" target=\"_blank\" rel=\"noreferrer noopener\">chairs@dis2024.acm.org<\/a><\/p>\n\n\n\n<h2 class=\"wp-block-heading\">Technical Program Chairs&nbsp;<\/h2>\n\n\n\n<ul class=\"wp-block-list\">\n<li>Jonas Fritsch, IT University of Copenhagen<\/li>\n\n\n\n<li>Sarah Fdili Alaoui, Creative Computing Institute, University of the Arts, London and LISN Universit\u00e9 Paris Saclay INRIA CNRS<\/li>\n\n\n\n<li>Christopher A. Le Dantec,  Northeastern University, <\/li>\n<\/ul>\n\n\n\n<p><a href=\"mailto:chairs@dis2024.acm.org\" target=\"_blank\" rel=\"noreferrer noopener\">tpc@dis2024.acm.org<\/a><\/p>\n\n\n\n<h3 class=\"wp-block-heading\">Technical Program Sub-committees<\/h3>\n\n\n\n<p><strong>Critical Computing and Design Theory<\/strong><br>Colin Gray, Indiana University<br>Alexandra To, Northeastern University<\/p>\n\n\n\n<p><strong>Design Methods and Processes<\/strong><br>Carine Lallemand, Eindhoven University of Technology<br>Pedro Sanches, ITI\/Larsys and Ume\u00e5 University<\/p>\n\n\n\n<p><strong>Artefacts and Systems<\/strong><br>Thijs Roumen, Cornell Tech<br>Cesar Torres, University of Texas at Arlington<\/p>\n\n\n\n<p><strong>Research Through Design<\/strong><br>Clara Crivellaro, Newcastle Univesrity<br>Christina Harrington, Carnege Mellon University<\/p>\n\n\n\n<h2 class=\"wp-block-heading\">Pictorial Chairs&nbsp;<\/h2>\n\n\n\n<ul class=\"wp-block-list\">\n<li>Tom Jenkins, IT University of Copenhagen<\/li>\n\n\n\n<li>Clement Zheng, National University of Singapore<\/li>\n\n\n\n<li>Mark\u00e9ta Dolej\u0161ov\u00e1, Aalto University<\/li>\n<\/ul>\n\n\n\n<p><a href=\"mailto:pictorials@dis2024.acm.org\">pictorials@dis2024.acm.org<\/a><\/p>\n\n\n\n<h2 class=\"wp-block-heading\">Playful Experiences track Chairs&nbsp;<\/h2>\n\n\n\n<ul class=\"wp-block-list\">\n<li>Miguel Sicart,  IT University of Copenhagen<\/li>\n\n\n\n<li>Rilla Khaled, Concordia University in Tiohti\u00e0:ke\/Montreal <\/li>\n\n\n\n<li>Vasiliki Tsaknaki,  IT University of Copenhagen<\/li>\n<\/ul>\n\n\n\n<p><a href=\"mailto:px@dis2024.acm.org\">px@dis2024.acm.org<\/a><\/p>\n\n\n\n<h2 class=\"wp-block-heading\">Workshop Chairs&nbsp;<\/h2>\n\n\n\n<ul class=\"wp-block-list\">\n<li>Erik Gr\u00f6nvall, IT University of Copenhagen<\/li>\n\n\n\n<li>Kening ZHU, City University of Hong Kong<\/li>\n<\/ul>\n\n\n\n<p><a href=\"mailto:workshops@dis2024.acm.org\">workshops@dis2024.acm.org<\/a><\/p>\n\n\n\n<h2 class=\"wp-block-heading\">Doctoral Consortium Chairs&nbsp;<\/h2>\n\n\n\n<ul class=\"wp-block-list\">\n<li>Elisa Giaccardi, \u200b\u200bPolitecnico di Milano, Italy<\/li>\n\n\n\n<li>Alex Wilkie, Goldsmiths, University of London<\/li>\n<\/ul>\n\n\n\n<p><a href=\"mailto:dc@dis2024.acm.org\">dc@dis2024.acm.org<\/a><\/p>\n\n\n\n<h2 class=\"wp-block-heading\">Provocations and Works in Progress Chairs<\/h2>\n\n\n\n<ul class=\"wp-block-list\">\n<li>Sarah Pennington, Goldsmiths, University of London<\/li>\n\n\n\n<li>Sarah Homewood, University of of Copenhagen<\/li>\n<\/ul>\n\n\n\n<p><a href=\"mailto:pwip@dis2024.acm.org\">pwip@dis2024.acm.org<\/a><\/p>\n\n\n\n<h2 class=\"wp-block-heading\">Publications Chairs<\/h2>\n\n\n\n<ul class=\"wp-block-list\">\n<li>Yuhan Luo, City University of Hong Kong<\/li>\n\n\n\n<li>Janice (Yixuan) Zhang, William &amp; Mary, Williamsburg, Virginia<\/li>\n<\/ul>\n\n\n\n<p><a href=\"mailto:publications@dis2024.acm.org\">publications@dis2024.acm.org<\/a><\/p>\n\n\n\n<h2 class=\"wp-block-heading\">Accessibility and Inclusion Chairs<\/h2>\n\n\n\n<ul class=\"wp-block-list\">\n<li>Lizette Reitsma, Malm\u00f6 University, School of Arts and Communication<\/li>\n\n\n\n<li>Nicholas Torretta, Malm\u00f6 University, School of Arts and Communication<\/li>\n<\/ul>\n\n\n\n<p><a href=\"mailto:plurality@dis2024.acm.org\">plurality@dis2024.acm.org<\/a><\/p>\n\n\n\n<h2 class=\"wp-block-heading\">Student Volunteer Chairs<\/h2>\n\n\n\n<ul class=\"wp-block-list\">\n<li>Arpit Bhatia, University of Copenhagen<\/li>\n\n\n\n<li>Aryan Saini, Monash University, Melbourne<\/li>\n\n\n\n<li>Martin Padalak, IT University of Copenhagen<\/li>\n<\/ul>\n\n\n\n<p><a href=\"mailto:sv@dis2024.acm.org\">sv@dis2024.acm.org<\/a><\/p>\n\n\n\n<h2 class=\"wp-block-heading\">Social Media Chairs<\/h2>\n\n\n\n<ul class=\"wp-block-list\">\n<li>Fiona Bell, University of New Mexico<\/li>\n\n\n\n<li>Lee Jones, Queen\u2019s University, Kingston, Ontario<\/li>\n<\/ul>\n\n\n\n<p><a href=\"mailto:social@dis2024.acm.org\">social@dis2024.acm.org<\/a><\/p>\n\n\n\n<h2 class=\"wp-block-heading\">Zine Chairs<\/h2>\n\n\n\n<ul class=\"wp-block-list\">\n<li>Heidi Biggs, Georgia Institute of Technology<\/li>\n\n\n\n<li>Catherine Wieczorek-Berkes, Georgia Institute of Technology<\/li>\n\n\n\n<li>Gabrielle Benabdallah, University of Washington<\/li>\n\n\n\n<li>Laura Forlano, College of Arts, Media, and Design, Northeastern University<\/li>\n<\/ul>\n\n\n\n<p><a href=\"mailto:zine@dis2024.acm.org\">zine@dis2024.acm.org<\/a><\/p>\n\n\n\n<h2 class=\"wp-block-heading\">Registration Chair <\/h2>\n\n\n\n<ul class=\"wp-block-list\">\n<li>Anton Poikolainen Ros\u00e9n, Department of Design, Aalto University, Helsinki<\/li>\n<\/ul>\n\n\n\n<p><a href=\"mailto:registrations@dis2024.acm.org\">registrations@dis2024.acm.org<\/a><\/p>\n\n\n\n<h2 class=\"wp-block-heading\">Web Chair<\/h2>\n\n\n\n<ul class=\"wp-block-list\">\n<li>Daniel Buzzo, CODE University of Applied Sciences, Berlin<\/li>\n<\/ul>\n\n\n\n<p><a rel=\"noreferrer noopener\" href=\"mailto:chairs@dis2022.acm.org\" target=\"_blank\">web@dis2024.acm.org<\/a><\/p>\n","protected":false},"excerpt":{"rendered":"<p>Conference Chairs&nbsp; chairs@dis2024.acm.org Technical Program Chairs&nbsp; tpc@dis2024.acm.org Technical Program Sub-committees Critical Computing and Design TheoryColin Gray, Indiana UniversityAlexandra To, Northeastern University Design Methods and ProcessesCarine Lallemand, Eindhoven University of TechnologyPedro Sanches, ITI\/Larsys and Ume\u00e5 University Artefacts and SystemsThijs Roumen, Cornell TechCesar Torres, University of Texas at Arlington Research Through DesignClara Crivellaro, Newcastle UnivesrityChristina Harrington, Carnege [&hellip;]<\/p>\n","protected":false},"author":1,"featured_media":0,"parent":0,"menu_order":0,"comment_status":"closed","ping_status":"closed","template":"","meta":{"footnotes":""},"class_list":["post-39","page","type-page","status-publish","hentry"],"_links":{"self":[{"href":"https:\/\/dis.acm.org\/2024\/wp-json\/wp\/v2\/pages\/39","targetHints":{"allow":["GET"]}}],"collection":[{"href":"https:\/\/dis.acm.org\/2024\/wp-json\/wp\/v2\/pages"}],"about":[{"href":"https:\/\/dis.acm.org\/2024\/wp-json\/wp\/v2\/types\/page"}],"author":[{"embeddable":true,"href":"https:\/\/dis.acm.org\/2024\/wp-json\/wp\/v2\/users\/1"}],"replies":[{"embeddable":true,"href":"https:\/\/dis.acm.org\/2024\/wp-json\/wp\/v2\/comments?post=39"}],"version-history":[{"count":27,"href":"https:\/\/dis.acm.org\/2024\/wp-json\/wp\/v2\/pages\/39\/revisions"}],"predecessor-version":[{"id":381,"href":"https:\/\/dis.acm.org\/2024\/wp-json\/wp\/v2\/pages\/39\/revisions\/381"}],"wp:attachment":[{"href":"https:\/\/dis.acm.org\/2024\/wp-json\/wp\/v2\/media?parent=39"}],"curies":[{"name":"wp","href":"https:\/\/api.w.org\/{rel}","templated":true}]}}